{"id":478,"date":"2024-12-25T12:39:50","date_gmt":"2024-12-25T11:39:50","guid":{"rendered":"https:\/\/itinfo.shsbl.de\/?page_id=478"},"modified":"2024-12-27T08:56:39","modified_gmt":"2024-12-27T07:56:39","slug":"sas-status-postfaecher-verwaltung-lehrkraefte","status":"publish","type":"page","link":"https:\/\/itinfo.shsbl.de\/?page_id=478","title":{"rendered":"SAS &#8211; Status &#8211; Postf\u00e4cher Verwaltung\/Lehrkr\u00e4fte"},"content":{"rendered":"\n<div class=\"wp-block-columns is-layout-flex wp-container-core-columns-is-layout-9d6595d7 wp-block-columns-is-layout-flex\">\n<div class=\"wp-block-column is-layout-flow wp-block-column-is-layout-flow\">\n<h1 id=\"wp-block-themeisle-blocks-advanced-heading-764a7149\" class=\"wp-block-themeisle-blocks-advanced-heading wp-block-themeisle-blocks-advanced-heading-764a7149\">SAS &#8211; Postf\u00e4cher Verwaltnng \/ Lehrkr\u00e4fte &#8211; Aufgabenpakete<\/h1>\n\n\n\n<figure class=\"wp-block-table\"><table><thead><tr><th class=\"has-text-align-center\" data-align=\"center\">Lfdnr<\/th><th>Meilenstein<\/th><th class=\"has-text-align-center\" data-align=\"center\">Status<\/th><th>Beschreibung<\/th><th>Ausf\u00fchrung<\/th><\/tr><\/thead><tbody><tr><td class=\"has-text-align-center\" data-align=\"center\">1<\/td><td>Infrastruktur aufbauen<\/td><td class=\"has-text-align-center\" data-align=\"center\"><img decoding=\"async\" class=\"wp-image-323\" style=\"width: 60px;\" src=\"http:\/\/itinfo.shsbl.de\/wp-content\/uploads\/2024\/12\/Green-1.png\" alt=\"\"><\/td><td>Zentrale Server und Netzwerkinfrastruktur wie im Bereich Schulcloud aufbauen. Hier kommen noch die Server f\u00fcr die Mailverarbeitung (Posteingang IMAP, Postausgang SMTP) hinzu. S\u00e4mtliche Vorarbeiten f\u00fcr Benutzer sind identsich zum Aufbau der Schulcloud und mit deren Abschluss auch hier erledigt.<\/td><td>Intern<br>PB<\/td><\/tr><tr><td class=\"has-text-align-center\" data-align=\"center\">2<\/td><td>Anleitungen f\u00fcr die Postf\u00e4cher erstellen<\/td><td class=\"has-text-align-center\" data-align=\"center\"><img decoding=\"async\" class=\"wp-image-324\" style=\"width: 60px;\" src=\"http:\/\/itinfo.shsbl.de\/wp-content\/uploads\/2024\/12\/Red-1.png\" alt=\"\"><\/td><td>F\u00fcr die unterschiedlichen Ger\u00e4tetypen (iOS, Android, Windows) und die unterschiedlichen Client (Outlook, Thunderbird etc.) m\u00fcssen Anleitungen zur Einrichtung der Postf\u00e4cher erstellt werden.<\/td><td>Intern<br>PB<\/td><\/tr><tr><td class=\"has-text-align-center\" data-align=\"center\">3<\/td><td>Import der Postf\u00e4cher<\/td><td class=\"has-text-align-center\" data-align=\"center\"><img decoding=\"async\" class=\"wp-image-324\" style=\"width: 60px;\" src=\"http:\/\/itinfo.shsbl.de\/wp-content\/uploads\/2024\/12\/Red-1.png\" alt=\"\"><\/td><td>Die \u00dcbernahme der Postf\u00e4cher in den eigenen Mailserver muss geplant und zu einem Stichtag ausgef\u00fchrt werden. Alle Postf\u00e4cher m\u00fcssen an einem St\u00fcck transferiert werden, da mit Umschalten der Domain nur noch der neue Server aktiv ist. F\u00fcr die Exchange Postf\u00e4cher der Verwaltung m\u00fcssen gesonderte Ma\u00dfnahmen getroffen werden.<\/td><td>Intern<br>PB<\/td><\/tr><tr><td class=\"has-text-align-center\" data-align=\"center\">4<\/td><td>\u00dcbernahme der Domain<\/td><td class=\"has-text-align-center\" data-align=\"center\"><img decoding=\"async\" class=\"wp-image-324\" style=\"width: 60px;\" src=\"http:\/\/itinfo.shsbl.de\/wp-content\/uploads\/2024\/12\/Red-1.png\" alt=\"\"><\/td><td>Die \u00dcbernahme der Domain muss geplant und mit dem Provider abgesprochen werden. Zum Stichtag m\u00fcssen dann alle Postf\u00e4cher migriert sein.<\/td><td>Intern<br>PB<\/td><\/tr><tr><td class=\"has-text-align-center\" data-align=\"center\">5<\/td><td>Einrichtung der Postf\u00e4cher auf den Clients<\/td><td class=\"has-text-align-center\" data-align=\"center\"><img decoding=\"async\" class=\"wp-image-324\" style=\"width: 60px;\" src=\"http:\/\/itinfo.shsbl.de\/wp-content\/uploads\/2024\/12\/Red-1.png\" alt=\"\"><\/td><td>Die Postf\u00e4cher m\u00fcssen auf den Clients insbesondere der Verwaltung und Schulleitung eingerichtet werden.<\/td><td>Intern<br>PB<\/td><\/tr><tr><td class=\"has-text-align-center\" data-align=\"center\">6<\/td><td>Unterst\u00fctzung der Lehrkr\u00e4fte bei der Einrichtung<\/td><td class=\"has-text-align-center\" data-align=\"center\"><img decoding=\"async\" class=\"wp-image-324\" style=\"width: 60px;\" src=\"http:\/\/itinfo.shsbl.de\/wp-content\/uploads\/2024\/12\/Red-1.png\" alt=\"\"><\/td><td>Die Lehrkr\u00e4fte m\u00fcssen evtl. bei der Einrichtung der Postf\u00e4cher auf ihren Ger\u00e4ten unterst\u00fctzt werden.<\/td><td>Intern<br>PB<\/td><\/tr><\/tbody><\/table><\/figure>\n<\/div>\n<\/div>\n\n\n\n<ul class=\"wp-block-list\">\n<li>Gr\u00fcn &#8211; Die Teilaufgabe ist vollst\u00e4ndig abgeschlossen.<\/li>\n\n\n\n<li>Gelb &#8211; Mit der Teilaufgabe wurde begonnen, sie ist aber noch nicht vollst\u00e4ndig abgeschlossen.<\/li>\n\n\n\n<li>Rot &#8211; Die Teilaufgabe wurde noch nicht begonnen.<\/li>\n<\/ul>\n","protected":false},"excerpt":{"rendered":"<p>Lfdnr Meilenstein Status Beschreibung Ausf\u00fchrung 1 Infrastruktur aufbauen Zentrale Server und Netzwerkinfrastruktur wie im Bereich Schulcloud aufbauen. Hier kommen noch die Server f\u00fcr die Mailverarbeitung (Posteingang IMAP, Postausgang SMTP) hinzu. S\u00e4mtliche Vorarbeiten f\u00fcr Benutzer sind identsich zum Aufbau der Schulcloud und mit deren Abschluss auch hier erledigt. InternPB 2 Anleitungen f\u00fcr die Postf\u00e4cher erstellen F\u00fcr [&hellip;]<\/p>\n","protected":false},"author":1,"featured_media":0,"parent":0,"menu_order":0,"comment_status":"closed","ping_status":"closed","template":"","meta":{"ocean_post_layout":"","ocean_both_sidebars_style":"","ocean_both_sidebars_content_width":0,"ocean_both_sidebars_sidebars_width":0,"ocean_sidebar":"","ocean_second_sidebar":"","ocean_disable_margins":"enable","ocean_add_body_class":"","ocean_shortcode_before_top_bar":"","ocean_shortcode_after_top_bar":"","ocean_shortcode_before_header":"","ocean_shortcode_after_header":"","ocean_has_shortcode":"","ocean_shortcode_after_title":"","ocean_shortcode_before_footer_widgets":"","ocean_shortcode_after_footer_widgets":"","ocean_shortcode_before_footer_bottom":"","ocean_shortcode_after_footer_bottom":"","ocean_display_top_bar":"default","ocean_display_header":"off","ocean_header_style":"","ocean_center_header_left_menu":"","ocean_custom_header_template":"","ocean_custom_logo":0,"ocean_custom_retina_logo":0,"ocean_custom_logo_max_width":0,"ocean_custom_logo_tablet_max_width":0,"ocean_custom_logo_mobile_max_width":0,"ocean_custom_logo_max_height":0,"ocean_custom_logo_tablet_max_height":0,"ocean_custom_logo_mobile_max_height":0,"ocean_header_custom_menu":"","ocean_menu_typo_font_family":"","ocean_menu_typo_font_subset":"","ocean_menu_typo_font_size":0,"ocean_menu_typo_font_size_tablet":0,"ocean_menu_typo_font_size_mobile":0,"ocean_menu_typo_font_size_unit":"px","ocean_menu_typo_font_weight":"","ocean_menu_typo_font_weight_tablet":"","ocean_menu_typo_font_weight_mobile":"","ocean_menu_typo_transform":"","ocean_menu_typo_transform_tablet":"","ocean_menu_typo_transform_mobile":"","ocean_menu_typo_line_height":0,"ocean_menu_typo_line_height_tablet":0,"ocean_menu_typo_line_height_mobile":0,"ocean_menu_typo_line_height_unit":"","ocean_menu_typo_spacing":0,"ocean_menu_typo_spacing_tablet":0,"ocean_menu_typo_spacing_mobile":0,"ocean_menu_typo_spacing_unit":"","ocean_menu_link_color":"","ocean_menu_link_color_hover":"","ocean_menu_link_color_active":"","ocean_menu_link_background":"","ocean_menu_link_hover_background":"","ocean_menu_link_active_background":"","ocean_menu_social_links_bg":"","ocean_menu_social_hover_links_bg":"","ocean_menu_social_links_color":"","ocean_menu_social_hover_links_color":"","ocean_disable_title":"default","ocean_disable_heading":"default","ocean_post_title":"","ocean_post_subheading":"","ocean_post_title_style":"","ocean_post_title_background_color":"","ocean_post_title_background":0,"ocean_post_title_bg_image_position":"","ocean_post_title_bg_image_attachment":"","ocean_post_title_bg_image_repeat":"","ocean_post_title_bg_image_size":"","ocean_post_title_height":0,"ocean_post_title_bg_overlay":0.5,"ocean_post_title_bg_overlay_color":"","ocean_disable_breadcrumbs":"default","ocean_breadcrumbs_color":"","ocean_breadcrumbs_separator_color":"","ocean_breadcrumbs_links_color":"","ocean_breadcrumbs_links_hover_color":"","ocean_display_footer_widgets":"default","ocean_display_footer_bottom":"default","ocean_custom_footer_template":"","_themeisle_gutenberg_block_has_review":false,"footnotes":""},"class_list":["post-478","page","type-page","status-publish","hentry","entry"],"_links":{"self":[{"href":"https:\/\/itinfo.shsbl.de\/index.php?rest_route=\/wp\/v2\/pages\/478","targetHints":{"allow":["GET"]}}],"collection":[{"href":"https:\/\/itinfo.shsbl.de\/index.php?rest_route=\/wp\/v2\/pages"}],"about":[{"href":"https:\/\/itinfo.shsbl.de\/index.php?rest_route=\/wp\/v2\/types\/page"}],"author":[{"embeddable":true,"href":"https:\/\/itinfo.shsbl.de\/index.php?rest_route=\/wp\/v2\/users\/1"}],"replies":[{"embeddable":true,"href":"https:\/\/itinfo.shsbl.de\/index.php?rest_route=%2Fwp%2Fv2%2Fcomments&post=478"}],"version-history":[{"count":4,"href":"https:\/\/itinfo.shsbl.de\/index.php?rest_route=\/wp\/v2\/pages\/478\/revisions"}],"predecessor-version":[{"id":943,"href":"https:\/\/itinfo.shsbl.de\/index.php?rest_route=\/wp\/v2\/pages\/478\/revisions\/943"}],"wp:attachment":[{"href":"https:\/\/itinfo.shsbl.de\/index.php?rest_route=%2Fwp%2Fv2%2Fmedia&parent=478"}],"curies":[{"name":"wp","href":"https:\/\/api.w.org\/{rel}","templated":true}]}}