{"id":480,"date":"2024-12-25T12:40:21","date_gmt":"2024-12-25T11:40:21","guid":{"rendered":"https:\/\/itinfo.shsbl.de\/?page_id=480"},"modified":"2025-09-22T21:52:48","modified_gmt":"2025-09-22T19:52:48","slug":"sas-status-schulcloud-verwaltung-lehrkraefte","status":"publish","type":"page","link":"https:\/\/itinfo.shsbl.de\/?page_id=480","title":{"rendered":"SAS &#8211; Status &#8211; Schulcloud Verwaltung\/Lehrkr\u00e4fte"},"content":{"rendered":"\n<div class=\"wp-block-columns is-layout-flex wp-container-core-columns-is-layout-9d6595d7 wp-block-columns-is-layout-flex\">\n<div class=\"wp-block-column is-layout-flow wp-block-column-is-layout-flow\">\n<h1 id=\"wp-block-themeisle-blocks-advanced-heading-722c5200\" class=\"wp-block-themeisle-blocks-advanced-heading wp-block-themeisle-blocks-advanced-heading-722c5200\">SAS &#8211; Schulcloud Verwaltung \/ Lehrkr\u00e4fte &#8211; Aufgabenpakete<\/h1>\n\n\n\n<figure class=\"wp-block-table\"><table><thead><tr><th class=\"has-text-align-center\" data-align=\"center\">Lfdnr<\/th><th>Meilenstein<\/th><th class=\"has-text-align-center\" data-align=\"center\">Status<\/th><th>Beschreibung<\/th><th>Ausf\u00fchrung<\/th><\/tr><\/thead><tbody><tr><td class=\"has-text-align-center\" data-align=\"center\">1<\/td><td>Zentrale Infrastruktur aufbauen<\/td><td class=\"has-text-align-center\" data-align=\"center\"><img decoding=\"async\" class=\"wp-image-323\" style=\"width: 60px;\" src=\"http:\/\/itinfo.shsbl.de\/wp-content\/uploads\/2024\/12\/Green-1.png\" alt=\"\"><\/td><td>Zentrale Server und Netzwerkinfrastruktur bereitstellen. Hierzu geh\u00f6ren die zentrale Firewall, die Switches, die Server der demilitarisierten Zone (DMZ, Proxy) und das Cluster f\u00fcr die virtuellen Maschinen. Auf dem Cluster m\u00fcssen die entsprechenden virtuellen Maschinen eingerichtet und konfiguriert werden. Zudem m\u00fcssen die Server f\u00fcr die Benutzerverwaltung eingerichtet und konfiguriert werden.<\/td><td>Intern<br>PB<\/td><\/tr><tr><td class=\"has-text-align-center\" data-align=\"center\">2<\/td><td>Programm zum Import erstellen<\/td><td class=\"has-text-align-center\" data-align=\"center\"><img decoding=\"async\" class=\"wp-image-323\" style=\"width: 60px;\" src=\"http:\/\/itinfo.shsbl.de\/wp-content\/uploads\/2024\/12\/Green-1.png\" alt=\"\"><\/td><td>Die Nutzer- und Gruppenverwaltung wird mit einfachen Excellisten gef\u00fchrt. Der Hintergrund hierf\u00fcr ist, dass sp\u00e4ter auch Sekretariate oder andere die Benutzerverwaltung durchf\u00fchren k\u00f6nnen. Auf der Serverseite muss ein umfangreichen Programm (PHP) erstellt werden, welches den Import der Benutzer und Gruppen aus Excel in die zentrale Benutzerverwaltung (LDAP) erledigt.<\/td><td>Intern<br>PB<\/td><\/tr><tr><td class=\"has-text-align-center\" data-align=\"center\">3<\/td><td>Excel-Vorlagen f\u00fcr Benutzerpflege erstellen<\/td><td class=\"has-text-align-center\" data-align=\"center\"><img decoding=\"async\" class=\"wp-image-323\" style=\"width: 60px;\" src=\"http:\/\/itinfo.shsbl.de\/wp-content\/uploads\/2024\/12\/Green-1.png\" alt=\"\"><\/td><td>Die Excel-Dateien sind umfangreich, da neben den Benutzern auch die Zugeh\u00f6rigkeit zu den jeweiligen Gruppen abgebildet wird. F\u00fcr den eigentlichen Transfer wird ein VBA-Programm geschrieben.<\/td><td>Intern<br>PB<\/td><\/tr><tr><td class=\"has-text-align-center\" data-align=\"center\">4<\/td><td>Transfer der Benutzer aus Listen in Excel und in die Benutzerverwaltung<\/td><td class=\"has-text-align-center\" data-align=\"center\"><img decoding=\"async\" class=\"wp-image-323\" style=\"width: 60px;\" src=\"http:\/\/itinfo.shsbl.de\/wp-content\/uploads\/2024\/12\/Green-1.png\" alt=\"\"><\/td><td>Die aktuellen Listen der Lehrkr\u00e4fte und der Verwaltung m\u00fcssen in die Excel Vorlagen \u00fcberf\u00fchrt werden. Dies ist initial aufw\u00e4ndig, daf\u00fcr in der Folge sehr einfach. Abschlie\u00dfend werden die Daten automatisch in die Benutzerverwaltung \u00fcberf\u00fchrt.<\/td><td>Intern<br>PB<\/td><\/tr><tr><td class=\"has-text-align-center\" data-align=\"center\">5<\/td><td>Einrichten der Nextcloud<\/td><td class=\"has-text-align-center\" data-align=\"center\"><img decoding=\"async\" class=\"wp-image-323\" style=\"width: 60px;\" src=\"http:\/\/itinfo.shsbl.de\/wp-content\/uploads\/2024\/12\/Green-1.png\" alt=\"\"><\/td><td>Die Nextcloud muss aufgesetzt und entsprechend eingerichtet und konfiguriert werden. Die Benutzer werden automatisch aus der Benutzerverwaltung \u00fcbernommen.<\/td><td>Intern<br>PB<\/td><\/tr><tr><td class=\"has-text-align-center\" data-align=\"center\">6<\/td><td>Anleitungen f\u00fcr die Installation und Nutzung erstsellen<\/td><td class=\"has-text-align-center\" data-align=\"center\"><img decoding=\"async\" class=\"wp-image-324\" style=\"width: 60px;\" src=\"http:\/\/itinfo.shsbl.de\/wp-content\/uploads\/2024\/12\/Yellow-1.png\" alt=\"\"><\/td><td>F\u00fcr die Installation des Nextcloud-Clients auf den unterschiedlichen Ger\u00e4ten muss eine Anleitung erstellt werden. Ebenso ist dies f\u00fcr die Nutzung via Client oder im Browser notwendig. Zudem muss erl\u00e4utert werden, welche voreingerichteten Komponenten und Kollaborationselemente wie genutzt werden k\u00f6nnen.<\/td><td>Intern<br>PB<\/td><\/tr><tr><td class=\"has-text-align-center\" data-align=\"center\">7<\/td><td>Information der Verwaltung\/Lehrkr\u00e4fte<\/td><td class=\"has-text-align-center\" data-align=\"center\"><img decoding=\"async\" class=\"wp-image-324\" style=\"width: 60px;\" src=\"http:\/\/itinfo.shsbl.de\/wp-content\/uploads\/2024\/12\/Yellow-1.png\" alt=\"\"><\/td><td>Die Verwaltung und die Lehrkr\u00e4fte m\u00fcssen \u00fcber die Nutzungm\u00f6glichkeit und den Zugang informiert werden.<\/td><td>Intern<br>Schule<\/td><\/tr><tr><td class=\"has-text-align-center\" data-align=\"center\">8<\/td><td>Installation der Clients<\/td><td class=\"has-text-align-center\" data-align=\"center\"><img decoding=\"async\" class=\"wp-image-324\" style=\"width: 60px;\" src=\"http:\/\/itinfo.shsbl.de\/wp-content\/uploads\/2024\/12\/Green-1.png\" alt=\"\"><\/td><td>Auf den unterschiedlichen Ger\u00e4ten zum Beispiel in der Verwaltung m\u00fcssen die Clients installiert und eingerichtet werden.<\/td><td>Intern<br>PB<\/td><\/tr><tr><td class=\"has-text-align-center\" data-align=\"center\">9<\/td><td>Verwaltunsdaten zentral zur Verf\u00fcgung stellen<\/td><td class=\"has-text-align-center\" data-align=\"center\"><img decoding=\"async\" class=\"wp-image-324\" style=\"width: 60px;\" src=\"http:\/\/itinfo.shsbl.de\/wp-content\/uploads\/2024\/12\/Green-1.png\" alt=\"\"><\/td><td>Die bisher auf dem NAS der Verwaltung liegenden Daten m\u00fcssen in die neue Cloud \u00fcbertragen werden und die Zugriffe der Clients darauf eingerichtet werden.<\/td><td>Intern<br>PB<\/td><\/tr><tr><td class=\"has-text-align-center\" data-align=\"center\">10<\/td><td>Unterst\u00fctzung beim Datentransfer f\u00fcr Lehrkr\u00e4fte<\/td><td class=\"has-text-align-center\" data-align=\"center\"><img decoding=\"async\" class=\"wp-image-324\" style=\"width: 60px;\" src=\"http:\/\/itinfo.shsbl.de\/wp-content\/uploads\/2024\/12\/Green-1.png\" alt=\"\"><\/td><td>Die Daten der Lehrkr\u00e4fte sind derzeit auf unterschiedlichen Plattformen (iServ, OneDrive etc.) verteilt. Die Lehrkr\u00e4fte werden beim Transfer der Daten auf die zentrale Cloud unterst\u00fctzt.<\/td><td>Intern<br>PB<\/td><\/tr><\/tbody><\/table><\/figure>\n<\/div>\n<\/div>\n\n\n\n<ul class=\"wp-block-list\">\n<li>Gr\u00fcn &#8211; Die Teilaufgabe ist vollst\u00e4ndig abgeschlossen.<\/li>\n\n\n\n<li>Gelb &#8211; Mit der Teilaufgabe wurde begonnen, sie ist aber noch nicht vollst\u00e4ndig abgeschlossen.<\/li>\n\n\n\n<li>Rot &#8211; Die Teilaufgabe wurde noch nicht begonnen.<\/li>\n<\/ul>\n","protected":false},"excerpt":{"rendered":"<p>Lfdnr Meilenstein Status Beschreibung Ausf\u00fchrung 1 Zentrale Infrastruktur aufbauen Zentrale Server und Netzwerkinfrastruktur bereitstellen. Hierzu geh\u00f6ren die zentrale Firewall, die Switches, die Server der demilitarisierten Zone (DMZ, Proxy) und das Cluster f\u00fcr die virtuellen Maschinen. Auf dem Cluster m\u00fcssen die entsprechenden virtuellen Maschinen eingerichtet und konfiguriert werden. Zudem m\u00fcssen die Server f\u00fcr die Benutzerverwaltung eingerichtet [&hellip;]<\/p>\n","protected":false},"author":1,"featured_media":0,"parent":0,"menu_order":0,"comment_status":"closed","ping_status":"closed","template":"","meta":{"ocean_post_layout":"","ocean_both_sidebars_style":"","ocean_both_sidebars_content_width":0,"ocean_both_sidebars_sidebars_width":0,"ocean_sidebar":"","ocean_second_sidebar":"","ocean_disable_margins":"enable","ocean_add_body_class":"","ocean_shortcode_before_top_bar":"","ocean_shortcode_after_top_bar":"","ocean_shortcode_before_header":"","ocean_shortcode_after_header":"","ocean_has_shortcode":"","ocean_shortcode_after_title":"","ocean_shortcode_before_footer_widgets":"","ocean_shortcode_after_footer_widgets":"","ocean_shortcode_before_footer_bottom":"","ocean_shortcode_after_footer_bottom":"","ocean_display_top_bar":"default","ocean_display_header":"off","ocean_header_style":"","ocean_center_header_left_menu":"","ocean_custom_header_template":"","ocean_custom_logo":0,"ocean_custom_retina_logo":0,"ocean_custom_logo_max_width":0,"ocean_custom_logo_tablet_max_width":0,"ocean_custom_logo_mobile_max_width":0,"ocean_custom_logo_max_height":0,"ocean_custom_logo_tablet_max_height":0,"ocean_custom_logo_mobile_max_height":0,"ocean_header_custom_menu":"","ocean_menu_typo_font_family":"","ocean_menu_typo_font_subset":"","ocean_menu_typo_font_size":0,"ocean_menu_typo_font_size_tablet":0,"ocean_menu_typo_font_size_mobile":0,"ocean_menu_typo_font_size_unit":"px","ocean_menu_typo_font_weight":"","ocean_menu_typo_font_weight_tablet":"","ocean_menu_typo_font_weight_mobile":"","ocean_menu_typo_transform":"","ocean_menu_typo_transform_tablet":"","ocean_menu_typo_transform_mobile":"","ocean_menu_typo_line_height":0,"ocean_menu_typo_line_height_tablet":0,"ocean_menu_typo_line_height_mobile":0,"ocean_menu_typo_line_height_unit":"","ocean_menu_typo_spacing":0,"ocean_menu_typo_spacing_tablet":0,"ocean_menu_typo_spacing_mobile":0,"ocean_menu_typo_spacing_unit":"","ocean_menu_link_color":"","ocean_menu_link_color_hover":"","ocean_menu_link_color_active":"","ocean_menu_link_background":"","ocean_menu_link_hover_background":"","ocean_menu_link_active_background":"","ocean_menu_social_links_bg":"","ocean_menu_social_hover_links_bg":"","ocean_menu_social_links_color":"","ocean_menu_social_hover_links_color":"","ocean_disable_title":"default","ocean_disable_heading":"default","ocean_post_title":"","ocean_post_subheading":"","ocean_post_title_style":"","ocean_post_title_background_color":"","ocean_post_title_background":0,"ocean_post_title_bg_image_position":"","ocean_post_title_bg_image_attachment":"","ocean_post_title_bg_image_repeat":"","ocean_post_title_bg_image_size":"","ocean_post_title_height":0,"ocean_post_title_bg_overlay":0.5,"ocean_post_title_bg_overlay_color":"","ocean_disable_breadcrumbs":"default","ocean_breadcrumbs_color":"","ocean_breadcrumbs_separator_color":"","ocean_breadcrumbs_links_color":"","ocean_breadcrumbs_links_hover_color":"","ocean_display_footer_widgets":"default","ocean_display_footer_bottom":"default","ocean_custom_footer_template":"","_themeisle_gutenberg_block_has_review":false,"footnotes":""},"class_list":["post-480","page","type-page","status-publish","hentry","entry"],"_links":{"self":[{"href":"https:\/\/itinfo.shsbl.de\/index.php?rest_route=\/wp\/v2\/pages\/480","targetHints":{"allow":["GET"]}}],"collection":[{"href":"https:\/\/itinfo.shsbl.de\/index.php?rest_route=\/wp\/v2\/pages"}],"about":[{"href":"https:\/\/itinfo.shsbl.de\/index.php?rest_route=\/wp\/v2\/types\/page"}],"author":[{"embeddable":true,"href":"https:\/\/itinfo.shsbl.de\/index.php?rest_route=\/wp\/v2\/users\/1"}],"replies":[{"embeddable":true,"href":"https:\/\/itinfo.shsbl.de\/index.php?rest_route=%2Fwp%2Fv2%2Fcomments&post=480"}],"version-history":[{"count":7,"href":"https:\/\/itinfo.shsbl.de\/index.php?rest_route=\/wp\/v2\/pages\/480\/revisions"}],"predecessor-version":[{"id":1350,"href":"https:\/\/itinfo.shsbl.de\/index.php?rest_route=\/wp\/v2\/pages\/480\/revisions\/1350"}],"wp:attachment":[{"href":"https:\/\/itinfo.shsbl.de\/index.php?rest_route=%2Fwp%2Fv2%2Fmedia&parent=480"}],"curies":[{"name":"wp","href":"https:\/\/api.w.org\/{rel}","templated":true}]}}