{"id":823,"date":"2024-12-26T17:50:56","date_gmt":"2024-12-26T16:50:56","guid":{"rendered":"https:\/\/itinfo.shsbl.de\/?page_id=823"},"modified":"2025-09-21T12:52:58","modified_gmt":"2025-09-21T10:52:58","slug":"bns-meilensteine","status":"publish","type":"page","link":"https:\/\/itinfo.shsbl.de\/?page_id=823","title":{"rendered":"BNS &#8211; \u00dcbersicht"},"content":{"rendered":"\n<div id=\"wp-block-themeisle-blocks-advanced-columns-ea2a6715\" class=\"wp-block-themeisle-blocks-advanced-columns has-2-columns has-desktop-twoOne-layout has-tablet-equal-layout has-mobile-collapsedRows-layout has-vertical-unset\"><div class=\"wp-block-themeisle-blocks-advanced-columns-overlay\"><\/div><div class=\"innerblocks-wrap\">\n<div id=\"wp-block-themeisle-blocks-advanced-column-781e1f53\" class=\"wp-block-themeisle-blocks-advanced-column\">\n<p class=\"has-text-align-center has-black-color has-text-color has-link-color has-medium-font-size wp-elements-3df8af0b30a5e824fdcf6567cc6a2a33\"><strong>Meilensteine<\/strong><\/p>\n\n\n\n<div id=\"wp-block-themeisle-blocks-timeline-3a60f35a\" class=\"wp-block-themeisle-blocks-timeline\"><div class=\"o-timeline-root\">\n<div id=\"wp-block-themeisle-blocks-timeline-item-a743061e\" class=\"wp-block-themeisle-blocks-timeline-item\"><div class=\"o-timeline-container\"><div class=\"o-timeline-icon\"><i class=\"fas fa-check-circle\"><\/i><\/div><div class=\"o-timeline-content\">\n<p class=\"has-small-font-size\"><strong>WLAN steht zur Verf\u00fcgung<\/strong><\/p>\n\n\n\n<p>Das Netzwerk ist aufgebaut, die VLAN Struktur etabliert und alle k\u00f6nnen das WLAN nutzen.<\/p>\n\n\n\n<p><a href=\"https:\/\/itinfo.shsbl.de\/?page_id=40\" data-type=\"page\" data-id=\"40\" target=\"_blank\" rel=\"noreferrer noopener nofollow\">Details &#8230;<\/a><\/p>\n<\/div><\/div><\/div>\n\n\n\n<div id=\"wp-block-themeisle-blocks-timeline-item-4df0b102\" class=\"wp-block-themeisle-blocks-timeline-item\"><div class=\"o-timeline-container\"><div class=\"o-timeline-icon\"><i class=\"fas fa-check-circle\"><\/i><\/div><div class=\"o-timeline-content\">\n<p class=\"has-small-font-size\"><strong>Das LAN ist vollst\u00e4ndig umgestellt<\/strong><\/p>\n\n\n\n<p class=\"has-small-font-size\">Alle Ger\u00e4te der Schule sind im neuen Netz. Die alten Strukturen werden nicht mehr genutzt und k\u00f6nnen abgebaut werden.<\/p>\n\n\n\n<p><a href=\"https:\/\/itinfo.shsbl.de\/?page_id=119\" data-type=\"page\" data-id=\"119\" target=\"_blank\" rel=\"noreferrer noopener nofollow\">Details &#8230;<\/a><\/p>\n<\/div><\/div><\/div>\n\n\n\n<div id=\"wp-block-themeisle-blocks-timeline-item-41ddf937\" class=\"wp-block-themeisle-blocks-timeline-item\"><div class=\"o-timeline-container\"><div class=\"o-timeline-icon\"><i class=\"fas fa-check-circle\"><\/i><\/div><div class=\"o-timeline-content\">\n<p class=\"has-small-font-size\"><strong>Medientechnik ist eingebunden<\/strong><\/p>\n\n\n\n<p>Die Primeboards, Beamer und AirServer sind montiert, konfiguriert und \u00fcber das WLAN f\u00fcr alle erreichbar. Eine Kabelnutzung (HDMI) ist nicht mehr notwendig.<\/p>\n\n\n\n<p><a href=\"https:\/\/itinfo.shsbl.de\/?page_id=139\" data-type=\"page\" data-id=\"139\" target=\"_blank\" rel=\"noreferrer noopener nofollow\">Details &#8230;<\/a><\/p>\n<\/div><\/div><\/div>\n\n\n\n<div id=\"wp-block-themeisle-blocks-timeline-item-6bc05873\" class=\"wp-block-themeisle-blocks-timeline-item\"><div class=\"o-timeline-container\"><div class=\"o-timeline-icon\"><i class=\"fas fa-adjust\"><\/i><\/div><div class=\"o-timeline-content\">\n<p class=\"has-small-font-size\"><strong>Alle Ger\u00e4te sind im MDM<\/strong><\/p>\n\n\n\n<p>Alle Profile sind erstellt und s\u00e4mtliche Ger\u00e4te sind im MDM integriert, so dass eine vollst\u00e4ndige Verwaltung der Ger\u00e4te gew\u00e4hrleistet ist.<\/p>\n\n\n\n<p><a href=\"https:\/\/itinfo.shsbl.de\/?page_id=158\" data-type=\"page\" data-id=\"158\" target=\"_blank\" rel=\"noreferrer noopener nofollow\">Details &#8230;<\/a><\/p>\n<\/div><\/div><\/div>\n\n\n\n<div id=\"wp-block-themeisle-blocks-timeline-item-def093dc\" class=\"wp-block-themeisle-blocks-timeline-item\"><div class=\"o-timeline-container\"><div class=\"o-timeline-icon\"><i class=\"fas fa-adjust\"><\/i><\/div><div class=\"o-timeline-content\">\n<p class=\"has-small-font-size\"><strong>Schulcloud Verwaltung\/Lehrkr\u00e4fte ist aktiv<\/strong><\/p>\n\n\n\n<p>Die Schulcloud f\u00fcr die Verwaltung und die Lehrkr\u00e4fte ist zentral eingerichtet. Auf den Rechnern sind die entsprechenden Clients installiert. Alle wurden \u00fcber die Zugangs- und Arbeitsm\u00f6glichkeiten informiert. Die alten Datenspeicher lokal oder in der Cloud (OneDrive etc.) sind abgeschaltet.<\/p>\n\n\n\n<p><a href=\"https:\/\/itinfo.shsbl.de\/?page_id=160\" data-type=\"page\" data-id=\"160\" target=\"_blank\" rel=\"noreferrer noopener nofollow\">Details &#8230;<\/a><\/p>\n<\/div><\/div><\/div>\n\n\n\n<div id=\"wp-block-themeisle-blocks-timeline-item-d5e747f8\" class=\"wp-block-themeisle-blocks-timeline-item\"><div class=\"o-timeline-container\"><div class=\"o-timeline-icon\"><i class=\"fas fa-adjust\"><\/i><\/div><div class=\"o-timeline-content\">\n<p class=\"has-small-font-size\"><strong>Schulcloud f\u00fcr Sch\u00fclerinnen und Sch\u00fcler ist aktiv<\/strong><\/p>\n\n\n\n<p>Alle Sch\u00fclerinnen und Sch\u00fcler k\u00f6nnen auf die Schulcloud zugreifen und sind dar\u00fcber informiert..<\/p>\n\n\n\n<p><a href=\"https:\/\/itinfo.shsbl.de\/?page_id=162\" data-type=\"page\" data-id=\"162\" target=\"_blank\" rel=\"noreferrer noopener nofollow\">Details &#8230;<\/a><\/p>\n<\/div><\/div><\/div>\n\n\n\n<div id=\"wp-block-themeisle-blocks-timeline-item-d50b1f6b\" class=\"wp-block-themeisle-blocks-timeline-item\"><div class=\"o-timeline-container\"><div class=\"o-timeline-icon\"><i class=\"fas fa-adjust\"><\/i><\/div><div class=\"o-timeline-content\">\n<p class=\"has-small-font-size\"><strong>Postf\u00e4cher Verwaltung\/Lehrkr\u00e4fte sind aktiv<\/strong><\/p>\n\n\n\n<p>Die Postfachdom\u00e4ne ist umgezogen. Diie bestehenden Postf\u00e4cher sind auf die neue Umgebung transferiert. Die neuen Postf\u00e4cher sind auf den Endger\u00e4ten der Benutzer eingerichtet.<\/p>\n\n\n\n<p><a href=\"https:\/\/itinfo.shsbl.de\/?page_id=164\" data-type=\"page\" data-id=\"164\" target=\"_blank\" rel=\"noreferrer noopener nofollow\">Details &#8230;<\/a><\/p>\n<\/div><\/div><\/div>\n\n\n\n<div id=\"wp-block-themeisle-blocks-timeline-item-658dfc9e\" class=\"wp-block-themeisle-blocks-timeline-item\"><div class=\"o-timeline-container\"><div class=\"o-timeline-icon\"><i class=\"fas fa-adjust\"><\/i><\/div><div class=\"o-timeline-content\">\n<p class=\"has-small-font-size\"><strong>Postf\u00e4cher f\u00fcr Sch\u00fclerinnen und Sch\u00fcler sind aktiv<\/strong><\/p>\n\n\n\n<p>Die Schulpostf\u00e4cher sind eingerichtet und die Sch\u00fclerinnen und Sch\u00fcler \u00fcber deren Anwendung informiert.<\/p>\n\n\n\n<p><a href=\"https:\/\/itinfo.shsbl.de\/?page_id=166\" data-type=\"page\" data-id=\"166\" target=\"_blank\" rel=\"noreferrer noopener nofollow\">Details &#8230;<\/a><\/p>\n<\/div><\/div><\/div>\n\n\n\n<div id=\"wp-block-themeisle-blocks-timeline-item-0069a54c\" class=\"wp-block-themeisle-blocks-timeline-item\"><div class=\"o-timeline-container\"><div class=\"o-timeline-icon\"><i class=\"fas fa-circle\"><\/i><\/div><div class=\"o-timeline-content\">\n<p class=\"has-small-font-size\"><strong>Integration in das Schulportal ist erfolgt<\/strong><\/p>\n\n\n\n<p>M\u00f6glichkeiten die Systeme miteinander zu verbinden sind festgelegt und eingerichtet.<\/p>\n\n\n\n<p><a href=\"https:\/\/itinfo.shsbl.de\/?page_id=168\" data-type=\"page\" data-id=\"168\" target=\"_blank\" rel=\"noreferrer noopener nofollow\">Details &#8230;<\/a><\/p>\n<\/div><\/div><\/div>\n<\/div><\/div>\n<\/div>\n\n\n\n<div id=\"wp-block-themeisle-blocks-advanced-column-350b7f8d\" class=\"wp-block-themeisle-blocks-advanced-column has-light-bg\">\n<p class=\"has-white-color has-text-color has-link-color has-medium-font-size wp-elements-f2ea45ffeb17d83d1e6d11b424b151f9\"><strong>Nachrichten<\/strong><\/p>\n\n\n<ul style=\"background-color:#63a18f;\" class=\"wp-block-latest-posts__list has-dates has-link-color wp-elements-99100a8efd544a75eecbd1cfc3e91a9d wp-block-latest-posts has-text-color has-white-color has-background has-small-font-size\"><li><a class=\"wp-block-latest-posts__post-title\" href=\"https:\/\/itinfo.shsbl.de\/?p=1293\">Elternpostf\u00e4cher<\/a><time datetime=\"2025-09-01T21:20:03+02:00\" class=\"wp-block-latest-posts__post-date\">01\/09\/2025<\/time><div class=\"wp-block-latest-posts__post-excerpt\">Wir haben in der Bischof Neumann Schule etwas Neues eingef\u00fchrt, das sich Elternpostf\u00e4cher nennt. Grob gesagt, hat jeder Erziehungsberechtigte einer Sch\u00fclerin oder eines Sch\u00fclers ein eigenes Postfach auf unseren eigenen Systemen. Dazu haben wird viel Zeit und \u00dcberlegung in die Infrastruktur f\u00fcr das Mailing investiert und vor allem in die Struktur,\u2026\u00a0<a class=\"wp-block-latest-posts__read-more\" href=\"https:\/\/itinfo.shsbl.de\/?p=1293\" rel=\"noopener noreferrer\"><span class=\"screen-reader-text\">Elternpostf\u00e4cher <\/span>weiterlesen<\/a><\/div><\/li>\n<li><a class=\"wp-block-latest-posts__post-title\" href=\"https:\/\/itinfo.shsbl.de\/?p=203\">Primeboards sind nun stabil<\/a><time datetime=\"2024-12-24T04:24:58+01:00\" class=\"wp-block-latest-posts__post-date\">24\/12\/2024<\/time><div class=\"wp-block-latest-posts__post-excerpt\">Gestern habe ich die noch ausstehenden Primeboards mit der neuen Firmware versorgt. Damit sind jetzt alle Boards komplett und sollten zuk\u00fcnftig stabil im WLAN bleiben. Einen neuen Reinigungshinweis habe ich vom Hersteller auch bekommen. Schaue mal, dass ich ihn noch in den Ferien testen werde.<\/div><\/li>\n<li><a class=\"wp-block-latest-posts__post-title\" href=\"https:\/\/itinfo.shsbl.de\/?p=178\">Primeboards und WLAN Probleme<\/a><time datetime=\"2024-12-20T19:25:09+01:00\" class=\"wp-block-latest-posts__post-date\">20\/12\/2024<\/time><div class=\"wp-block-latest-posts__post-excerpt\">In den Monaten seit dem Einsatz der Primboards hatten alle ziemlich viele Probleme mit dem Spiegeln und auch mit dem Zugang der Primeboards zum WLAN. Die Ursachen hierf\u00fcr sind an zwei Stellen zu finden. Zum einen war unser WLAN in den ersten Wochen noch nicht stabil genug. Aus technischer Sicht gab\u2026\u00a0<a class=\"wp-block-latest-posts__read-more\" href=\"https:\/\/itinfo.shsbl.de\/?p=178\" rel=\"noopener noreferrer\"><span class=\"screen-reader-text\">Primeboards und WLAN Probleme <\/span>weiterlesen<\/a><\/div><\/li>\n<li><a class=\"wp-block-latest-posts__post-title\" href=\"https:\/\/itinfo.shsbl.de\/?p=20\">Start der Informationen zur IT in der BNS<\/a><time datetime=\"2024-12-19T16:38:18+01:00\" class=\"wp-block-latest-posts__post-date\">19\/12\/2024<\/time><div class=\"wp-block-latest-posts__post-excerpt\">Herzlich Willkommen zur neuen Informationszentrale der IT. Hier werden im Laufe der Zeit alle wichtigen Neuheiten, \u00c4nderungen und Mitteilungen erscheinen. Zudem wird in einer groben \u00dcbersicht der Stand der Projekte dargestellt. So hat jeder die Chance, sich zu informieren. Viele Spa\u00df dabei Peter<\/div><\/li>\n<\/ul><\/div>\n<\/div><\/div>\n","protected":false},"excerpt":{"rendered":"","protected":false},"author":1,"featured_media":0,"parent":0,"menu_order":0,"comment_status":"closed","ping_status":"closed","template":"","meta":{"ocean_post_layout":"","ocean_both_sidebars_style":"","ocean_both_sidebars_content_width":0,"ocean_both_sidebars_sidebars_width":0,"ocean_sidebar":"","ocean_second_sidebar":"","ocean_disable_margins":"enable","ocean_add_body_class":"","ocean_shortcode_before_top_bar":"","ocean_shortcode_after_top_bar":"","ocean_shortcode_before_header":"","ocean_shortcode_after_header":"","ocean_has_shortcode":"","ocean_shortcode_after_title":"","ocean_shortcode_before_footer_widgets":"","ocean_shortcode_after_footer_widgets":"","ocean_shortcode_before_footer_bottom":"","ocean_shortcode_after_footer_bottom":"","ocean_display_top_bar":"default","ocean_display_header":"off","ocean_header_style":"","ocean_center_header_left_menu":"","ocean_custom_header_template":"","ocean_custom_logo":0,"ocean_custom_retina_logo":0,"ocean_custom_logo_max_width":119,"ocean_custom_logo_tablet_max_width":0,"ocean_custom_logo_mobile_max_width":0,"ocean_custom_logo_max_height":119,"ocean_custom_logo_tablet_max_height":0,"ocean_custom_logo_mobile_max_height":0,"ocean_header_custom_menu":"","ocean_menu_typo_font_family":"","ocean_menu_typo_font_subset":"","ocean_menu_typo_font_size":0,"ocean_menu_typo_font_size_tablet":0,"ocean_menu_typo_font_size_mobile":0,"ocean_menu_typo_font_size_unit":"px","ocean_menu_typo_font_weight":"","ocean_menu_typo_font_weight_tablet":"","ocean_menu_typo_font_weight_mobile":"","ocean_menu_typo_transform":"","ocean_menu_typo_transform_tablet":"","ocean_menu_typo_transform_mobile":"","ocean_menu_typo_line_height":0,"ocean_menu_typo_line_height_tablet":0,"ocean_menu_typo_line_height_mobile":0,"ocean_menu_typo_line_height_unit":"","ocean_menu_typo_spacing":0,"ocean_menu_typo_spacing_tablet":0,"ocean_menu_typo_spacing_mobile":0,"ocean_menu_typo_spacing_unit":"","ocean_menu_link_color":"","ocean_menu_link_color_hover":"","ocean_menu_link_color_active":"","ocean_menu_link_background":"","ocean_menu_link_hover_background":"","ocean_menu_link_active_background":"","ocean_menu_social_links_bg":"","ocean_menu_social_hover_links_bg":"","ocean_menu_social_links_color":"","ocean_menu_social_hover_links_color":"","ocean_disable_title":"enable","ocean_disable_heading":"enable","ocean_post_title":"","ocean_post_subheading":"","ocean_post_title_style":"","ocean_post_title_background_color":"","ocean_post_title_background":770,"ocean_post_title_bg_image_position":"","ocean_post_title_bg_image_attachment":"","ocean_post_title_bg_image_repeat":"","ocean_post_title_bg_image_size":"","ocean_post_title_height":0,"ocean_post_title_bg_overlay":0.5,"ocean_post_title_bg_overlay_color":"","ocean_disable_breadcrumbs":"off","ocean_breadcrumbs_color":"","ocean_breadcrumbs_separator_color":"","ocean_breadcrumbs_links_color":"","ocean_breadcrumbs_links_hover_color":"","ocean_display_footer_widgets":"default","ocean_display_footer_bottom":"default","ocean_custom_footer_template":"","_themeisle_gutenberg_block_has_review":false,"footnotes":""},"class_list":["post-823","page","type-page","status-publish","hentry","entry"],"_links":{"self":[{"href":"https:\/\/itinfo.shsbl.de\/index.php?rest_route=\/wp\/v2\/pages\/823","targetHints":{"allow":["GET"]}}],"collection":[{"href":"https:\/\/itinfo.shsbl.de\/index.php?rest_route=\/wp\/v2\/pages"}],"about":[{"href":"https:\/\/itinfo.shsbl.de\/index.php?rest_route=\/wp\/v2\/types\/page"}],"author":[{"embeddable":true,"href":"https:\/\/itinfo.shsbl.de\/index.php?rest_route=\/wp\/v2\/users\/1"}],"replies":[{"embeddable":true,"href":"https:\/\/itinfo.shsbl.de\/index.php?rest_route=%2Fwp%2Fv2%2Fcomments&post=823"}],"version-history":[{"count":23,"href":"https:\/\/itinfo.shsbl.de\/index.php?rest_route=\/wp\/v2\/pages\/823\/revisions"}],"predecessor-version":[{"id":1329,"href":"https:\/\/itinfo.shsbl.de\/index.php?rest_route=\/wp\/v2\/pages\/823\/revisions\/1329"}],"wp:attachment":[{"href":"https:\/\/itinfo.shsbl.de\/index.php?rest_route=%2Fwp%2Fv2%2Fmedia&parent=823"}],"curies":[{"name":"wp","href":"https:\/\/api.w.org\/{rel}","templated":true}]}}