{"id":896,"date":"2024-12-27T07:52:56","date_gmt":"2024-12-27T06:52:56","guid":{"rendered":"https:\/\/itinfo.shsbl.de\/?page_id=896"},"modified":"2025-09-22T21:53:18","modified_gmt":"2025-09-22T19:53:18","slug":"sas-uebersicht","status":"publish","type":"page","link":"https:\/\/itinfo.shsbl.de\/?page_id=896","title":{"rendered":"SAS &#8211; \u00dcbersicht"},"content":{"rendered":"\n<div id=\"wp-block-themeisle-blocks-advanced-columns-ea2a6715\" class=\"wp-block-themeisle-blocks-advanced-columns has-2-columns has-desktop-twoOne-layout has-tablet-equal-layout has-mobile-collapsedRows-layout has-vertical-unset\"><div class=\"wp-block-themeisle-blocks-advanced-columns-overlay\"><\/div><div class=\"innerblocks-wrap\">\n<div id=\"wp-block-themeisle-blocks-advanced-column-781e1f53\" class=\"wp-block-themeisle-blocks-advanced-column\">\n<p class=\"has-text-align-center has-black-color has-text-color has-link-color has-medium-font-size wp-elements-3df8af0b30a5e824fdcf6567cc6a2a33\"><strong>Meilensteine<\/strong><\/p>\n\n\n\n<div id=\"wp-block-themeisle-blocks-timeline-3a60f35a\" class=\"wp-block-themeisle-blocks-timeline\"><div class=\"o-timeline-root\">\n<div id=\"wp-block-themeisle-blocks-timeline-item-a743061e\" class=\"wp-block-themeisle-blocks-timeline-item\"><div class=\"o-timeline-container\"><div class=\"o-timeline-icon\"><i class=\"fas fa-check-circle\"><\/i><\/div><div class=\"o-timeline-content\">\n<p class=\"has-small-font-size\"><strong>WLAN steht zur Verf\u00fcgung<\/strong><\/p>\n\n\n\n<p>Das Netzwerk ist aufgebaut, die VLAN Struktur etabliert und alle k\u00f6nnen das WLAN nutzen.<\/p>\n\n\n\n<p><a href=\"https:\/\/itinfo.shsbl.de\/?page_id=476\" data-type=\"page\" data-id=\"476\" target=\"_blank\" rel=\"noreferrer noopener nofollow\">Details &#8230;<\/a><\/p>\n<\/div><\/div><\/div>\n\n\n\n<div id=\"wp-block-themeisle-blocks-timeline-item-4df0b102\" class=\"wp-block-themeisle-blocks-timeline-item\"><div class=\"o-timeline-container\"><div class=\"o-timeline-icon\"><i class=\"fas fa-adjust\"><\/i><\/div><div class=\"o-timeline-content\">\n<p class=\"has-small-font-size\"><strong>Das LAN ist vollst\u00e4ndig umgestellt<\/strong><\/p>\n\n\n\n<p class=\"has-small-font-size\">Alle Ger\u00e4te der Schule sind im neuen Netz. Die alten Strukturen werden nicht mehr genutzt und k\u00f6nnen abgebaut werden.<\/p>\n\n\n\n<p><a href=\"https:\/\/itinfo.shsbl.de\/?page_id=475\" data-type=\"page\" data-id=\"475\" target=\"_blank\" rel=\"noreferrer noopener nofollow\">Details &#8230;<\/a><\/p>\n<\/div><\/div><\/div>\n\n\n\n<div id=\"wp-block-themeisle-blocks-timeline-item-41ddf937\" class=\"wp-block-themeisle-blocks-timeline-item\"><div class=\"o-timeline-container\"><div class=\"o-timeline-icon\"><i class=\"fas fa-check-circle\"><\/i><\/div><div class=\"o-timeline-content\">\n<p class=\"has-small-font-size\"><strong>Medientechnik ist eingebunden<\/strong><\/p>\n\n\n\n<p>Die Primeboards, Beamer und AirServer sind montiert, konfiguriert und \u00fcber das WLAN f\u00fcr alle erreichbar. Eine Kabelnutzung (HDMI) ist nicht mehr notwendig.<\/p>\n\n\n\n<p><a href=\"https:\/\/itinfo.shsbl.de\/?page_id=473\" data-type=\"page\" data-id=\"473\" target=\"_blank\" rel=\"noreferrer noopener nofollow\">Details &#8230;<\/a><\/p>\n<\/div><\/div><\/div>\n\n\n\n<div id=\"wp-block-themeisle-blocks-timeline-item-6bc05873\" class=\"wp-block-themeisle-blocks-timeline-item\"><div class=\"o-timeline-container\"><div class=\"o-timeline-icon\"><i class=\"fas fa-adjust\"><\/i><\/div><div class=\"o-timeline-content\">\n<p class=\"has-small-font-size\"><strong>Alle Ger\u00e4te sind im MDM<\/strong><\/p>\n\n\n\n<p>Alle Profile sind erstellt und s\u00e4mtliche Ger\u00e4te sind im MDM integriert, so dass eine vollst\u00e4ndige Verwaltung der Ger\u00e4te gew\u00e4hrleistet ist.<\/p>\n\n\n\n<p><a href=\"https:\/\/itinfo.shsbl.de\/?page_id=472\" data-type=\"page\" data-id=\"472\" target=\"_blank\" rel=\"noreferrer noopener nofollow\">Details &#8230;<\/a><\/p>\n<\/div><\/div><\/div>\n\n\n\n<div id=\"wp-block-themeisle-blocks-timeline-item-def093dc\" class=\"wp-block-themeisle-blocks-timeline-item\"><div class=\"o-timeline-container\"><div class=\"o-timeline-icon\"><i class=\"fas fa-adjust\"><\/i><\/div><div class=\"o-timeline-content\">\n<p class=\"has-small-font-size\"><strong>Schulcloud Verwaltung\/Lehrkr\u00e4fte ist aktiv<\/strong><\/p>\n\n\n\n<p>Die Schulcloud f\u00fcr die Verwaltung und die Lehrkr\u00e4fte ist zentral eingerichtet. Auf den Rechnern sind die entsprechenden Clients installiert. Alle wurden \u00fcber die Zugangs- und Arbeitsm\u00f6glichkeiten informiert. Die alten Datenspeicher lokal oder in der Cloud (OneDrive etc.) sind abgeschaltet.<\/p>\n\n\n\n<p><a href=\"https:\/\/itinfo.shsbl.de\/?page_id=480\" data-type=\"page\" data-id=\"480\" target=\"_blank\" rel=\"noreferrer noopener nofollow\">Details &#8230;<\/a><\/p>\n<\/div><\/div><\/div>\n\n\n\n<div id=\"wp-block-themeisle-blocks-timeline-item-d5e747f8\" class=\"wp-block-themeisle-blocks-timeline-item\"><div class=\"o-timeline-container\"><div class=\"o-timeline-icon\"><i class=\"fas fa-adjust\"><\/i><\/div><div class=\"o-timeline-content\">\n<p class=\"has-small-font-size\"><strong>Schulcloud f\u00fcr Sch\u00fclerinnen und Sch\u00fcler ist aktiv<\/strong><\/p>\n\n\n\n<p>Alle Sch\u00fclerinnen und Sch\u00fcler k\u00f6nnen auf die Schulcloud zugreifen und sind dar\u00fcber informiert..<\/p>\n\n\n\n<p><a href=\"https:\/\/itinfo.shsbl.de\/?page_id=479\" data-type=\"page\" data-id=\"479\" target=\"_blank\" rel=\"noreferrer noopener nofollow\">Details &#8230;<\/a><\/p>\n<\/div><\/div><\/div>\n\n\n\n<div id=\"wp-block-themeisle-blocks-timeline-item-d50b1f6b\" class=\"wp-block-themeisle-blocks-timeline-item\"><div class=\"o-timeline-container\"><div class=\"o-timeline-icon\"><i class=\"fas fa-adjust\"><\/i><\/div><div class=\"o-timeline-content\">\n<p class=\"has-small-font-size\"><strong>Postf\u00e4cher Verwaltung\/Lehrkr\u00e4fte sind aktiv<\/strong><\/p>\n\n\n\n<p>Die Postfachdom\u00e4ne ist umgezogen. Diie bestehenden Postf\u00e4cher sind auf die neue Umgebung transferiert. Die neuen Postf\u00e4cher sind auf den Endger\u00e4ten der Benutzer eingerichtet.<\/p>\n\n\n\n<p><a href=\"https:\/\/itinfo.shsbl.de\/?page_id=478\" data-type=\"page\" data-id=\"478\" target=\"_blank\" rel=\"noreferrer noopener nofollow\">Details &#8230;<\/a><\/p>\n<\/div><\/div><\/div>\n\n\n\n<div id=\"wp-block-themeisle-blocks-timeline-item-658dfc9e\" class=\"wp-block-themeisle-blocks-timeline-item\"><div class=\"o-timeline-container\"><div class=\"o-timeline-icon\"><i class=\"fas fa-adjust\"><\/i><\/div><div class=\"o-timeline-content\">\n<p class=\"has-small-font-size\"><strong>Postf\u00e4cher f\u00fcr Sch\u00fclerinnen und Sch\u00fcler sind aktiv<\/strong><\/p>\n\n\n\n<p>Die Schulpostf\u00e4cher sind eingerichtet und die Sch\u00fclerinnen und Sch\u00fcler \u00fcber deren Anwendung informiert.<\/p>\n\n\n\n<p><a href=\"https:\/\/itinfo.shsbl.de\/?page_id=477\" data-type=\"page\" data-id=\"477\" target=\"_blank\" rel=\"noreferrer noopener nofollow\">Details &#8230;<\/a><\/p>\n<\/div><\/div><\/div>\n\n\n\n<div id=\"wp-block-themeisle-blocks-timeline-item-0069a54c\" class=\"wp-block-themeisle-blocks-timeline-item\"><div class=\"o-timeline-container\"><div class=\"o-timeline-icon\"><i class=\"fas fa-circle\"><\/i><\/div><div class=\"o-timeline-content\">\n<p class=\"has-small-font-size\"><strong>Integration in das Schulportal ist erfolgt<\/strong><\/p>\n\n\n\n<p>M\u00f6glichkeiten die Systeme miteinander zu verbinden sind festgelegt und eingerichtet.<\/p>\n\n\n\n<p><a href=\"https:\/\/itinfo.shsbl.de\/?page_id=471\" data-type=\"page\" data-id=\"471\" target=\"_blank\" rel=\"noreferrer noopener nofollow\">Details <\/a><a href=\"https:\/\/itinfo.shsbl.de\/?page_id=168\" data-type=\"page\" data-id=\"168\" target=\"_blank\" rel=\"noreferrer noopener nofollow\">&#8230;<\/a><\/p>\n<\/div><\/div><\/div>\n<\/div><\/div>\n<\/div>\n\n\n\n<div id=\"wp-block-themeisle-blocks-advanced-column-350b7f8d\" class=\"wp-block-themeisle-blocks-advanced-column has-light-bg\">\n<p class=\"has-white-color has-text-color has-link-color has-medium-font-size wp-elements-f2ea45ffeb17d83d1e6d11b424b151f9\"><strong>Nachrichten<\/strong><\/p>\n\n\n<ul style=\"background-color:#63a18f;\" class=\"wp-block-latest-posts__list has-dates has-link-color wp-elements-5c2e7f004ccbb1fd13ebb9cb6718f3a2 wp-block-latest-posts has-text-color has-white-color has-background has-small-font-size\"><li><a class=\"wp-block-latest-posts__post-title\" href=\"https:\/\/itinfo.shsbl.de\/?p=1358\">SAS Verwaltung ist umgestellt auf die Nextcloud<\/a><time datetime=\"2025-09-23T15:14:07+02:00\" class=\"wp-block-latest-posts__post-date\">23\/09\/2025<\/time><div class=\"wp-block-latest-posts__post-excerpt\">Ja, es hat ein wenig gedauert, doch inzwischen ist die Verwaltung der SAS auf die Nextcloud umgestiegen. Damit haben wir drei wesentliche Dinge erreicht. Die Umstellung f\u00fcr die Anwenderinnen und Anwender war nicht schwierig. Alte Laufwerksverkn\u00fcpfungen wurden \u00fcbernommen und die Arbeit an den Dateien hat sich von der Handhabung her gar\u2026\u00a0<a class=\"wp-block-latest-posts__read-more\" href=\"https:\/\/itinfo.shsbl.de\/?p=1358\" rel=\"noopener noreferrer\"><span class=\"screen-reader-text\">SAS Verwaltung ist umgestellt auf die Nextcloud <\/span>weiterlesen<\/a><\/div><\/li>\n<li><a class=\"wp-block-latest-posts__post-title\" href=\"https:\/\/itinfo.shsbl.de\/?p=1281\">Neues WLAN in der St. Angela Schule<\/a><time datetime=\"2025-04-11T08:30:42+02:00\" class=\"wp-block-latest-posts__post-date\">11\/04\/2025<\/time><div class=\"wp-block-latest-posts__post-excerpt\">Nach einer langen Zeit, in der in der St. Angela Schule viele IT Dinge nicht so funktioniert haben, wie sie h\u00e4tten funktionieren sollen, konnte ich in der Woche vor den Osterferien endlich das neue WLAN fl\u00e4chendeckend aktivieren. Damit ist nun nahezu in der gesamten Schule das WLAN aktiv und kann von\u2026\u00a0<a class=\"wp-block-latest-posts__read-more\" href=\"https:\/\/itinfo.shsbl.de\/?p=1281\" rel=\"noopener noreferrer\"><span class=\"screen-reader-text\">Neues WLAN in der St. Angela Schule <\/span>weiterlesen<\/a><\/div><\/li>\n<li><a class=\"wp-block-latest-posts__post-title\" href=\"https:\/\/itinfo.shsbl.de\/?p=1263\">Ein Schritt nach vorn<\/a><time datetime=\"2025-03-04T05:21:40+01:00\" class=\"wp-block-latest-posts__post-date\">04\/03\/2025<\/time><div class=\"wp-block-latest-posts__post-excerpt\">Endlich gibt es mal wieder gute Nachrichten. Letztes Wochenende konnte ich beim neuen WLAN einen deutlichen Schritt nach vorn machen. Nach mehreren Anl\u00e4ufen hat das Haupthaus nun das neue WLAN. Leider noch nicht ganz vollst\u00e4ndig, aber doch so, dass ein Gro\u00dfteil schon mal mit dem neuen WLAN arbeiten kann. Hier ein\u2026\u00a0<a class=\"wp-block-latest-posts__read-more\" href=\"https:\/\/itinfo.shsbl.de\/?p=1263\" rel=\"noopener noreferrer\"><span class=\"screen-reader-text\">Ein Schritt nach vorn <\/span>weiterlesen<\/a><\/div><\/li>\n<li><a class=\"wp-block-latest-posts__post-title\" href=\"https:\/\/itinfo.shsbl.de\/?p=1232\">Machmal ist auch das Scheitern ein Schritt nach vorne<\/a><time datetime=\"2025-01-26T18:44:51+01:00\" class=\"wp-block-latest-posts__post-date\">26\/01\/2025<\/time><div class=\"wp-block-latest-posts__post-excerpt\">An diesem Wochenende hatte ich mir vorgenommen, das neue WLAN in der SAS zu aktivieren. Wie schon zuvor beschrieben, kann dies leider nicht parallel und damit in einem gesicherten Umfeld geschehen, sondern muss auf einen Schlag und im ersten Wurf die alte Struktur abl\u00f6sen. Der Plan war, dass ich am Samstag\u2026\u00a0<a class=\"wp-block-latest-posts__read-more\" href=\"https:\/\/itinfo.shsbl.de\/?p=1232\" rel=\"noopener noreferrer\"><span class=\"screen-reader-text\">Machmal ist auch das Scheitern ein Schritt nach vorne <\/span>weiterlesen<\/a><\/div><\/li>\n<li><a class=\"wp-block-latest-posts__post-title\" href=\"https:\/\/itinfo.shsbl.de\/?p=1230\">Die erste Umstellung erfolgt<\/a><time datetime=\"2025-01-23T14:53:10+01:00\" class=\"wp-block-latest-posts__post-date\">23\/01\/2025<\/time><div class=\"wp-block-latest-posts__post-excerpt\">An diesem Wochenende (25.\/26.01.25) werde ich die Umstellung im Netz vornehmen. Ich werde die Switche konfigurieren, die Server f\u00fcr die Zugangsberechtigung einrichten und die Primeboards mit den neuen Adressen versehen. Zudem werden von mir am Wochenende auch die Zugangsdaten verteilt. Hierzu bekommen alle Lehrkr\u00e4fte einen Zettel in das Fach. Dort finden\u2026\u00a0<a class=\"wp-block-latest-posts__read-more\" href=\"https:\/\/itinfo.shsbl.de\/?p=1230\" rel=\"noopener noreferrer\"><span class=\"screen-reader-text\">Die erste Umstellung erfolgt <\/span>weiterlesen<\/a><\/div><\/li>\n<\/ul><\/div>\n<\/div><\/div>\n","protected":false},"excerpt":{"rendered":"","protected":false},"author":1,"featured_media":0,"parent":0,"menu_order":0,"comment_status":"closed","ping_status":"closed","template":"","meta":{"ocean_post_layout":"","ocean_both_sidebars_style":"","ocean_both_sidebars_content_width":0,"ocean_both_sidebars_sidebars_width":0,"ocean_sidebar":"","ocean_second_sidebar":"","ocean_disable_margins":"enable","ocean_add_body_class":"","ocean_shortcode_before_top_bar":"","ocean_shortcode_after_top_bar":"","ocean_shortcode_before_header":"","ocean_shortcode_after_header":"","ocean_has_shortcode":"","ocean_shortcode_after_title":"","ocean_shortcode_before_footer_widgets":"","ocean_shortcode_after_footer_widgets":"","ocean_shortcode_before_footer_bottom":"","ocean_shortcode_after_footer_bottom":"","ocean_display_top_bar":"default","ocean_display_header":"off","ocean_header_style":"","ocean_center_header_left_menu":"","ocean_custom_header_template":"","ocean_custom_logo":0,"ocean_custom_retina_logo":0,"ocean_custom_logo_max_width":119,"ocean_custom_logo_tablet_max_width":0,"ocean_custom_logo_mobile_max_width":0,"ocean_custom_logo_max_height":119,"ocean_custom_logo_tablet_max_height":0,"ocean_custom_logo_mobile_max_height":0,"ocean_header_custom_menu":"","ocean_menu_typo_font_family":"","ocean_menu_typo_font_subset":"","ocean_menu_typo_font_size":0,"ocean_menu_typo_font_size_tablet":0,"ocean_menu_typo_font_size_mobile":0,"ocean_menu_typo_font_size_unit":"px","ocean_menu_typo_font_weight":"","ocean_menu_typo_font_weight_tablet":"","ocean_menu_typo_font_weight_mobile":"","ocean_menu_typo_transform":"","ocean_menu_typo_transform_tablet":"","ocean_menu_typo_transform_mobile":"","ocean_menu_typo_line_height":0,"ocean_menu_typo_line_height_tablet":0,"ocean_menu_typo_line_height_mobile":0,"ocean_menu_typo_line_height_unit":"","ocean_menu_typo_spacing":0,"ocean_menu_typo_spacing_tablet":0,"ocean_menu_typo_spacing_mobile":0,"ocean_menu_typo_spacing_unit":"","ocean_menu_link_color":"","ocean_menu_link_color_hover":"","ocean_menu_link_color_active":"","ocean_menu_link_background":"","ocean_menu_link_hover_background":"","ocean_menu_link_active_background":"","ocean_menu_social_links_bg":"","ocean_menu_social_hover_links_bg":"","ocean_menu_social_links_color":"","ocean_menu_social_hover_links_color":"","ocean_disable_title":"enable","ocean_disable_heading":"enable","ocean_post_title":"","ocean_post_subheading":"","ocean_post_title_style":"","ocean_post_title_background_color":"","ocean_post_title_background":770,"ocean_post_title_bg_image_position":"","ocean_post_title_bg_image_attachment":"","ocean_post_title_bg_image_repeat":"","ocean_post_title_bg_image_size":"","ocean_post_title_height":0,"ocean_post_title_bg_overlay":0.5,"ocean_post_title_bg_overlay_color":"","ocean_disable_breadcrumbs":"off","ocean_breadcrumbs_color":"","ocean_breadcrumbs_separator_color":"","ocean_breadcrumbs_links_color":"","ocean_breadcrumbs_links_hover_color":"","ocean_display_footer_widgets":"default","ocean_display_footer_bottom":"default","ocean_custom_footer_template":"","_themeisle_gutenberg_block_has_review":false,"footnotes":""},"class_list":["post-896","page","type-page","status-publish","hentry","entry"],"_links":{"self":[{"href":"https:\/\/itinfo.shsbl.de\/index.php?rest_route=\/wp\/v2\/pages\/896","targetHints":{"allow":["GET"]}}],"collection":[{"href":"https:\/\/itinfo.shsbl.de\/index.php?rest_route=\/wp\/v2\/pages"}],"about":[{"href":"https:\/\/itinfo.shsbl.de\/index.php?rest_route=\/wp\/v2\/types\/page"}],"author":[{"embeddable":true,"href":"https:\/\/itinfo.shsbl.de\/index.php?rest_route=\/wp\/v2\/users\/1"}],"replies":[{"embeddable":true,"href":"https:\/\/itinfo.shsbl.de\/index.php?rest_route=%2Fwp%2Fv2%2Fcomments&post=896"}],"version-history":[{"count":7,"href":"https:\/\/itinfo.shsbl.de\/index.php?rest_route=\/wp\/v2\/pages\/896\/revisions"}],"predecessor-version":[{"id":1351,"href":"https:\/\/itinfo.shsbl.de\/index.php?rest_route=\/wp\/v2\/pages\/896\/revisions\/1351"}],"wp:attachment":[{"href":"https:\/\/itinfo.shsbl.de\/index.php?rest_route=%2Fwp%2Fv2%2Fmedia&parent=896"}],"curies":[{"name":"wp","href":"https:\/\/api.w.org\/{rel}","templated":true}]}}